{"id":62,"date":"2025-08-12T09:33:57","date_gmt":"2025-08-12T07:33:57","guid":{"rendered":"https:\/\/paleturquoise-giraffe-933606.hostingersite.com\/index.php\/home\/"},"modified":"2025-11-25T07:12:27","modified_gmt":"2025-11-25T06:12:27","slug":"home","status":"publish","type":"page","link":"https:\/\/ibg-business.com\/","title":{"rendered":"Home"},"content":{"rendered":"\n<!-- Carrusel continuo de im\u00e1genes con descripci\u00f3n -->\n<div class=\"marquee-container\">\n  <div class=\"marquee-track\">\n    <a href=\"https:\/\/example.com\/articulo1\" target=\"_blank\" class=\"marquee-item\">\n      <img decoding=\"async\" src=\"https:\/\/via.placeholder.com\/250x180?text=Art\u00edculo+1\" alt=\"Art\u00edculo 1\">\n      <p class=\"marquee-text\">Descripci\u00f3n del Art\u00edculo 1<\/p>\n    <\/a>\n    <a href=\"https:\/\/example.com\/articulo2\" target=\"_blank\" class=\"marquee-item\">\n      <img decoding=\"async\" src=\"https:\/\/via.placeholder.com\/250x180?text=Art\u00edculo+2\" alt=\"Art\u00edculo 2\">\n      <p class=\"marquee-text\">Descripci\u00f3n del Art\u00edculo 2<\/p>\n    <\/a>\n    <a href=\"https:\/\/example.com\/articulo3\" target=\"_blank\" class=\"marquee-item\">\n      <img decoding=\"async\" src=\"https:\/\/via.placeholder.com\/250x180?text=Art\u00edculo+3\" alt=\"Art\u00edculo 3\">\n      <p class=\"marquee-text\">Descripci\u00f3n del Art\u00edculo 3<\/p>\n    <\/a>\n    <a href=\"https:\/\/example.com\/articulo4\" target=\"_blank\" class=\"marquee-item\">\n      <img decoding=\"async\" src=\"https:\/\/via.placeholder.com\/250x180?text=Art\u00edculo+4\" alt=\"Art\u00edculo 4\">\n      <p class=\"marquee-text\">Descripci\u00f3n del Art\u00edculo 4<\/p>\n    <\/a>\n  <\/div>\n<\/div>\n\n<style>\n  .marquee-container {\n    overflow: hidden;\n    width: 100%;\n    max-width: 1200px;\n    margin: 40px auto;\n    padding: 20px 0;\n    border-radius: 10px;\n    background-color: #fff;\n  }\n\n  .marquee-track {\n    display: flex;\n    gap: 30px;\n    align-items: flex-start;\n    animation: scroll 25s linear infinite;\n  }\n\n  .marquee-item {\n    flex-shrink: 0;\n    display: flex;\n    flex-direction: column;\n    align-items: center;\n    text-align: center;\n    width: 250px;\n  }\n\n  .marquee-item img {\n    width: 250px;\n    height: 180px;\n    object-fit: cover;\n    border-radius: 10px;\n    transition: transform 0.3s;\n  }\n\n  .marquee-item img:hover {\n    transform: scale(1.1);\n  }\n\n  .marquee-text {\n    margin-top: 10px;\n    font-family: Arial, sans-serif;\n    font-size: 16px;\n    color: #034262;\n    font-weight: bold;\n  }\n\n  @keyframes scroll {\n    0% {\n      transform: translateX(100%);\n    }\n    100% {\n      transform: translateX(-100%);\n    }\n  }\n<\/style>\n\n\n\n<figure class=\"wp-block-image size-full\"><img fetchpriority=\"high\" decoding=\"async\" width=\"459\" height=\"263\" src=\"https:\/\/ibg-business.com\/wp-content\/uploads\/2025\/08\/teleerico-inovador.jpg\" alt=\"\" class=\"wp-image-401\" srcset=\"https:\/\/ibg-business.com\/wp-content\/uploads\/2025\/08\/teleerico-inovador.jpg 459w, https:\/\/ibg-business.com\/wp-content\/uploads\/2025\/08\/teleerico-inovador-300x172.jpg 300w\" sizes=\"(max-width: 459px) 100vw, 459px\" \/><\/figure>\n\n\n\n<div class=\"testimonial-button-wrapper\">\n    <a class=\"testimonial-button\" href=\"https:\/\/ibg-business.com\/index.php\/products\/\" target=\"_blank\">\n        MND PRODUCTS\n    <\/a>\n<\/div>\n\n","protected":false},"excerpt":{"rendered":"<p>Descripci\u00f3n del Art\u00edculo 1 Descripci\u00f3n del Art\u00edculo 2 Descripci\u00f3n del Art\u00edculo 3 Descripci\u00f3n del Art\u00edculo 4 MND PRODUCTS<\/p>\n","protected":false},"author":1,"featured_media":0,"parent":0,"menu_order":0,"comment_status":"closed","ping_status":"closed","template":"page-templates\/frontpage.php","meta":{"footnotes":""},"class_list":["post-62","page","type-page","status-publish","hentry"],"_links":{"self":[{"href":"https:\/\/ibg-business.com\/index.php\/wp-json\/wp\/v2\/pages\/62","targetHints":{"allow":["GET"]}}],"collection":[{"href":"https:\/\/ibg-business.com\/index.php\/wp-json\/wp\/v2\/pages"}],"about":[{"href":"https:\/\/ibg-business.com\/index.php\/wp-json\/wp\/v2\/types\/page"}],"author":[{"embeddable":true,"href":"https:\/\/ibg-business.com\/index.php\/wp-json\/wp\/v2\/users\/1"}],"replies":[{"embeddable":true,"href":"https:\/\/ibg-business.com\/index.php\/wp-json\/wp\/v2\/comments?post=62"}],"version-history":[{"count":3,"href":"https:\/\/ibg-business.com\/index.php\/wp-json\/wp\/v2\/pages\/62\/revisions"}],"predecessor-version":[{"id":868,"href":"https:\/\/ibg-business.com\/index.php\/wp-json\/wp\/v2\/pages\/62\/revisions\/868"}],"wp:attachment":[{"href":"https:\/\/ibg-business.com\/index.php\/wp-json\/wp\/v2\/media?parent=62"}],"curies":[{"name":"wp","href":"https:\/\/api.w.org\/{rel}","templated":true}]}}